{"id":2986,"date":"2026-02-28T11:21:12","date_gmt":"2026-02-28T10:21:12","guid":{"rendered":"https:\/\/www.parc-animalier-introd.it\/provenance-des-animaux\/"},"modified":"2026-04-16T17:58:31","modified_gmt":"2026-04-16T15:58:31","slug":"provenance-des-animaux","status":"publish","type":"page","link":"https:\/\/www.parc-animalier-introd.it\/fr\/provenance-des-animaux\/","title":{"rendered":"Provenance des animaux"},"content":{"rendered":"\t\t<div data-elementor-type=\"wp-page\" data-elementor-id=\"2986\" class=\"elementor elementor-2986 elementor-1576\" data-elementor-post-type=\"page\">\n\t\t\t\t<div class=\"elementor-element elementor-element-9d2d6a7 e-con-full e-flex e-con e-parent\" data-id=\"9d2d6a7\" data-element_type=\"container\" data-e-type=\"container\" data-settings=\"{&quot;background_background&quot;:&quot;classic&quot;}\">\n\t\t<div class=\"elementor-element elementor-element-3325d7a e-con-full e-flex e-con e-child\" data-id=\"3325d7a\" data-element_type=\"container\" data-e-type=\"container\">\n\t\t\t\t<div class=\"elementor-element elementor-element-5f4bb7e elementor-widget elementor-widget-breadcrumbs\" data-id=\"5f4bb7e\" data-element_type=\"widget\" data-e-type=\"widget\" data-widget_type=\"breadcrumbs.default\">\n\t\t\t\t\t<p id=\"breadcrumbs\"><span><span><a href=\"https:\/\/www.parc-animalier-introd.it\/fr\/home\/\">Home<\/a><\/span><\/span><\/p>\t\t\t\t<\/div>\n\t\t\t\t<\/div>\n\t\t<div class=\"elementor-element elementor-element-fe63a79 e-con-full e-flex e-con e-child\" data-id=\"fe63a79\" data-element_type=\"container\" data-e-type=\"container\">\n\t\t\t\t<div class=\"elementor-element elementor-element-a542411 elementor-widget__width-auto elementor-widget elementor-widget-heading\" data-id=\"a542411\" data-element_type=\"widget\" data-e-type=\"widget\" data-widget_type=\"heading.default\">\n\t\t\t\t\t<h2 class=\"elementor-heading-title elementor-size-default\">Provenance des animaux<\/h2>\t\t\t\t<\/div>\n\t\t\t\t<\/div>\n\t\t<div class=\"elementor-element elementor-element-a2d976a e-con-full e-flex e-con e-child\" data-id=\"a2d976a\" data-element_type=\"container\" data-e-type=\"container\">\n\t\t<div class=\"elementor-element elementor-element-ba5afc7 e-con-full e-flex e-con e-child\" data-id=\"ba5afc7\" data-element_type=\"container\" data-e-type=\"container\">\n\t\t\t\t<div class=\"elementor-element elementor-element-b8c8e59 elementor-widget__width-auto elementor-widget elementor-widget-heading\" data-id=\"b8c8e59\" data-element_type=\"widget\" data-e-type=\"widget\" data-widget_type=\"heading.default\">\n\t\t\t\t\t<h2 class=\"elementor-heading-title elementor-size-default\">D'o\u00f9 viennent les animaux h\u00e9berg\u00e9s dans le parc ?<\/h2>\t\t\t\t<\/div>\n\t\t\t\t<div class=\"elementor-element elementor-element-01599c1 elementor-widget__width-initial elementor-widget elementor-widget-text-editor\" data-id=\"01599c1\" data-element_type=\"widget\" data-e-type=\"widget\" data-widget_type=\"text-editor.default\">\n\t\t\t\t\t\t\t\t\t<p>Les animaux h\u00e9berg\u00e9s dans notre parc proviennent de diff\u00e9rentes structures, toutes soucieuses de leur bien-\u00eatre et de la pr\u00e9servation de la biodiversit\u00e9.<span class=\"Apple-converted-space\"> <\/span><\/p><p><strong>&#8211; Certains sont n\u00e9s et ont grandi en captivit\u00e9 dans des zoos italiens et europ\u00e9ens,<\/strong> o\u00f9 ils ont re\u00e7u les soins n\u00e9cessaires pour se d\u00e9velopper dans un environnement s\u00fbr et prot\u00e9g\u00e9.<span class=\"Apple-converted-space\"> <\/span><\/p><p><strong>&#8211; D&rsquo;autres proviennent de centres de soins, o\u00f9 ils ont \u00e9t\u00e9 soign\u00e9s pour des blessures ou des maladies<\/strong>. Bien qu&rsquo;ils aient surmont\u00e9 la plupart de leurs probl\u00e8mes de sant\u00e9, certains de ces animaux pr\u00e9sentent encore des difficult\u00e9s qui compromettent leur capacit\u00e9 \u00e0 survivre dans la nature.<span class=\"Apple-converted-space\"> <\/span><\/p><p>Dans notre parc, ils b\u00e9n\u00e9ficient de l&rsquo;affection et des soins de nos soigneurs, des professionnels d\u00e9vou\u00e9s qui veillent \u00e0 leur bien-\u00eatre au quotidien en leur offrant de la nourriture, un soutien \u00e9motionnel et un environnement serein pour leur donner une seconde chance dans la vie. Les soigneurs surveillent en permanence le comportement, l&rsquo;alimentation et les besoins sociaux des animaux, en collaborant \u00e9troitement avec les v\u00e9t\u00e9rinaires pour garantir la bonne sant\u00e9 de chaque pensionnaire. <span class=\"Apple-converted-space\"> <\/span><\/p><p>Pour nous, le bien-\u00eatre des animaux est une priorit\u00e9 absolue. Les conditions de reproduction au sein du parc sont constamment mises \u00e0 jour en fonction des derni\u00e8res d\u00e9couvertes scientifiques et des recherches en zoologie. Une approche attentive et respectueuse garantit \u00e0 tous nos h\u00f4tes des soins optimaux et des activit\u00e9s adapt\u00e9es aux besoins de leur esp\u00e8ce.  <\/p><p>Les enclos sont con\u00e7us avec le plus grand soin, gr\u00e2ce \u00e0 un accompagnement scientifique qui tient compte \u00e0 la fois des conditions de d\u00e9tention et des besoins de protection des animaux. Ils sont ensuite constamment adapt\u00e9s en fonction des nouvelles connaissances. Nos experts en soins aux animaux, en protection animale et en m\u00e9decine v\u00e9t\u00e9rinaire se consacrent avec passion \u00e0 la sant\u00e9 et au bien-\u00eatre de nos \u00ab r\u00e9sidents \u00bb 365 jours par an.  <\/p><p>Selon l&rsquo;heure de la journ\u00e9e, vous pourrez assister \u00e0 des sc\u00e8nes fascinantes qui r\u00e9v\u00e8lent les comportements spontan\u00e9s des animaux. Vous pourrez voir les animaux jouer entre eux, se courir apr\u00e8s avec vivacit\u00e9 ou interagir avec curiosit\u00e9, tandis que d&rsquo;autres se nourrissent, s&rsquo;abreuvent, construisent leurs terriers, \u00e9mettent leurs cris et leurs vocalisations, ou se reposent simplement, allong\u00e9s en toute s\u00e9r\u00e9nit\u00e9 pour \u00e9conomiser leur \u00e9nergie. Chaque sc\u00e8ne que vous pourrez observer est le fruit d&rsquo;un environnement naturel, cr\u00e9\u00e9 pour permettre aux animaux d&rsquo;exprimer librement leurs habitudes comportementales, exactement comme ils le feraient dans la nature.  <\/p><p><strong>De plus, les animaux font l&rsquo;objet d&rsquo;un contr\u00f4le constant de la part des autorit\u00e9s sanitaires comp\u00e9tentes, telles que l&rsquo;U.S.L. V.D.A. et l&rsquo;Institut zooprophylactique exp\u00e9rimental du Pi\u00e9mont, de la Ligurie et de la Vall\u00e9e d&rsquo;Aoste (Ce.R.M.A.S.).<\/strong><\/p>\t\t\t\t\t\t\t\t<\/div>\n\t\t\t\t<\/div>\n\t\t<div class=\"elementor-element elementor-element-82609e1 e-con-full e-flex e-con e-child\" data-id=\"82609e1\" data-element_type=\"container\" data-e-type=\"container\">\n\t\t\t\t<div class=\"elementor-element elementor-element-8d6f684 elementor-widget__width-auto elementor-widget elementor-widget-image\" data-id=\"8d6f684\" data-element_type=\"widget\" data-e-type=\"widget\" data-widget_type=\"image.default\">\n\t\t\t\t\t\t\t\t\t\t\t\t\t\t\t<img fetchpriority=\"high\" decoding=\"async\" width=\"1200\" height=\"1978\" src=\"https:\/\/www.parc-animalier-introd.it\/wp-content\/uploads\/2026\/02\/Parc-illustrazione-2.png\" class=\"attachment-full size-full wp-image-2709\" alt=\"\" srcset=\"https:\/\/www.parc-animalier-introd.it\/wp-content\/uploads\/2026\/02\/Parc-illustrazione-2.png 1200w, https:\/\/www.parc-animalier-introd.it\/wp-content\/uploads\/2026\/02\/Parc-illustrazione-2-182x300.png 182w, https:\/\/www.parc-animalier-introd.it\/wp-content\/uploads\/2026\/02\/Parc-illustrazione-2-621x1024.png 621w, https:\/\/www.parc-animalier-introd.it\/wp-content\/uploads\/2026\/02\/Parc-illustrazione-2-768x1266.png 768w, https:\/\/www.parc-animalier-introd.it\/wp-content\/uploads\/2026\/02\/Parc-illustrazione-2-932x1536.png 932w\" sizes=\"(max-width: 1200px) 100vw, 1200px\" \/>\t\t\t\t\t\t\t\t\t\t\t\t\t\t\t<\/div>\n\t\t\t\t<\/div>\n\t\t\t\t<\/div>\n\t\t\t\t<\/div>\n\t\t\t\t<\/div>\n\t\t","protected":false},"excerpt":{"rendered":"<p>D&rsquo;o\u00f9 viennent les animaux h\u00e9berg\u00e9s dans le parc ? Les animaux h\u00e9berg\u00e9s dans notre parc proviennent de diff\u00e9rentes structures, toutes soucieuses de leur bien-\u00eatre et de la pr\u00e9servation de la biodiversit\u00e9. &#8211; Certains sont n\u00e9s et ont grandi en captivit\u00e9 dans des zoos italiens et europ\u00e9ens, o\u00f9 ils ont re\u00e7u les soins n\u00e9cessaires pour se [&hellip;]<\/p>\n","protected":false},"author":1,"featured_media":0,"parent":0,"menu_order":0,"comment_status":"closed","ping_status":"closed","template":"","meta":{"_acf_changed":false,"_joinchat":[],"footnotes":""},"class_list":["post-2986","page","type-page","status-publish","hentry"],"acf":[],"yoast_head":"<!-- This site is optimized with the Yoast SEO plugin v27.4 - https:\/\/yoast.com\/product\/yoast-seo-wordpress\/ -->\n<title>Provenance des animaux - Parc Animalier Introd<\/title>\n<meta name=\"robots\" content=\"index, follow, max-snippet:-1, max-image-preview:large, max-video-preview:-1\" \/>\n<link rel=\"canonical\" href=\"https:\/\/www.parc-animalier-introd.it\/fr\/provenance-des-animaux\/\" \/>\n<meta property=\"og:locale\" content=\"fr_FR\" \/>\n<meta property=\"og:type\" content=\"article\" \/>\n<meta property=\"og:title\" content=\"Provenance des animaux - Parc Animalier Introd\" \/>\n<meta property=\"og:description\" content=\"D&rsquo;o\u00f9 viennent les animaux h\u00e9berg\u00e9s dans le parc ? Les animaux h\u00e9berg\u00e9s dans notre parc proviennent de diff\u00e9rentes structures, toutes soucieuses de leur bien-\u00eatre et de la pr\u00e9servation de la biodiversit\u00e9. &#8211; Certains sont n\u00e9s et ont grandi en captivit\u00e9 dans des zoos italiens et europ\u00e9ens, o\u00f9 ils ont re\u00e7u les soins n\u00e9cessaires pour se [&hellip;]\" \/>\n<meta property=\"og:url\" content=\"https:\/\/www.parc-animalier-introd.it\/fr\/provenance-des-animaux\/\" \/>\n<meta property=\"og:site_name\" content=\"Parc Animalier Introd\" \/>\n<meta property=\"article:modified_time\" content=\"2026-04-16T15:58:31+00:00\" \/>\n<meta property=\"og:image\" content=\"https:\/\/www.parc-animalier-introd.it\/wp-content\/uploads\/2026\/02\/Parc-illustrazione-2.png\" \/>\n\t<meta property=\"og:image:width\" content=\"1200\" \/>\n\t<meta property=\"og:image:height\" content=\"1978\" \/>\n\t<meta property=\"og:image:type\" content=\"image\/png\" \/>\n<meta name=\"twitter:card\" content=\"summary_large_image\" \/>\n<meta name=\"twitter:label1\" content=\"Dur\u00e9e de lecture estim\u00e9e\" \/>\n\t<meta name=\"twitter:data1\" content=\"2 minutes\" \/>\n<script type=\"application\/ld+json\" class=\"yoast-schema-graph\">{\"@context\":\"https:\\\/\\\/schema.org\",\"@graph\":[{\"@type\":\"WebPage\",\"@id\":\"https:\\\/\\\/www.parc-animalier-introd.it\\\/fr\\\/provenance-des-animaux\\\/\",\"url\":\"https:\\\/\\\/www.parc-animalier-introd.it\\\/fr\\\/provenance-des-animaux\\\/\",\"name\":\"Provenance des animaux - Parc Animalier Introd\",\"isPartOf\":{\"@id\":\"https:\\\/\\\/www.parc-animalier-introd.it\\\/fr\\\/#website\"},\"primaryImageOfPage\":{\"@id\":\"https:\\\/\\\/www.parc-animalier-introd.it\\\/fr\\\/provenance-des-animaux\\\/#primaryimage\"},\"image\":{\"@id\":\"https:\\\/\\\/www.parc-animalier-introd.it\\\/fr\\\/provenance-des-animaux\\\/#primaryimage\"},\"thumbnailUrl\":\"https:\\\/\\\/www.parc-animalier-introd.it\\\/wp-content\\\/uploads\\\/2026\\\/02\\\/Parc-illustrazione-2.png\",\"datePublished\":\"2026-02-28T10:21:12+00:00\",\"dateModified\":\"2026-04-16T15:58:31+00:00\",\"breadcrumb\":{\"@id\":\"https:\\\/\\\/www.parc-animalier-introd.it\\\/fr\\\/provenance-des-animaux\\\/#breadcrumb\"},\"inLanguage\":\"fr-FR\",\"potentialAction\":[{\"@type\":\"ReadAction\",\"target\":[\"https:\\\/\\\/www.parc-animalier-introd.it\\\/fr\\\/provenance-des-animaux\\\/\"]}]},{\"@type\":\"ImageObject\",\"inLanguage\":\"fr-FR\",\"@id\":\"https:\\\/\\\/www.parc-animalier-introd.it\\\/fr\\\/provenance-des-animaux\\\/#primaryimage\",\"url\":\"https:\\\/\\\/www.parc-animalier-introd.it\\\/wp-content\\\/uploads\\\/2026\\\/02\\\/Parc-illustrazione-2.png\",\"contentUrl\":\"https:\\\/\\\/www.parc-animalier-introd.it\\\/wp-content\\\/uploads\\\/2026\\\/02\\\/Parc-illustrazione-2.png\"},{\"@type\":\"BreadcrumbList\",\"@id\":\"https:\\\/\\\/www.parc-animalier-introd.it\\\/fr\\\/provenance-des-animaux\\\/#breadcrumb\",\"itemListElement\":[{\"@type\":\"ListItem\",\"position\":1,\"name\":\"Home\",\"item\":\"https:\\\/\\\/www.parc-animalier-introd.it\\\/fr\\\/home\\\/\"},{\"@type\":\"ListItem\",\"position\":2,\"name\":\"Provenance des animaux\"}]},{\"@type\":\"WebSite\",\"@id\":\"https:\\\/\\\/www.parc-animalier-introd.it\\\/fr\\\/#website\",\"url\":\"https:\\\/\\\/www.parc-animalier-introd.it\\\/fr\\\/\",\"name\":\"Parc Animalier Introd\",\"description\":\"\",\"potentialAction\":[{\"@type\":\"SearchAction\",\"target\":{\"@type\":\"EntryPoint\",\"urlTemplate\":\"https:\\\/\\\/www.parc-animalier-introd.it\\\/fr\\\/?s={search_term_string}\"},\"query-input\":{\"@type\":\"PropertyValueSpecification\",\"valueRequired\":true,\"valueName\":\"search_term_string\"}}],\"inLanguage\":\"fr-FR\"}]}<\/script>\n<!-- \/ Yoast SEO plugin. -->","yoast_head_json":{"title":"Provenance des animaux - Parc Animalier Introd","robots":{"index":"index","follow":"follow","max-snippet":"max-snippet:-1","max-image-preview":"max-image-preview:large","max-video-preview":"max-video-preview:-1"},"canonical":"https:\/\/www.parc-animalier-introd.it\/fr\/provenance-des-animaux\/","og_locale":"fr_FR","og_type":"article","og_title":"Provenance des animaux - Parc Animalier Introd","og_description":"D&rsquo;o\u00f9 viennent les animaux h\u00e9berg\u00e9s dans le parc ? Les animaux h\u00e9berg\u00e9s dans notre parc proviennent de diff\u00e9rentes structures, toutes soucieuses de leur bien-\u00eatre et de la pr\u00e9servation de la biodiversit\u00e9. &#8211; Certains sont n\u00e9s et ont grandi en captivit\u00e9 dans des zoos italiens et europ\u00e9ens, o\u00f9 ils ont re\u00e7u les soins n\u00e9cessaires pour se [&hellip;]","og_url":"https:\/\/www.parc-animalier-introd.it\/fr\/provenance-des-animaux\/","og_site_name":"Parc Animalier Introd","article_modified_time":"2026-04-16T15:58:31+00:00","og_image":[{"width":1200,"height":1978,"url":"https:\/\/www.parc-animalier-introd.it\/wp-content\/uploads\/2026\/02\/Parc-illustrazione-2.png","type":"image\/png"}],"twitter_card":"summary_large_image","twitter_misc":{"Dur\u00e9e de lecture estim\u00e9e":"2 minutes"},"schema":{"@context":"https:\/\/schema.org","@graph":[{"@type":"WebPage","@id":"https:\/\/www.parc-animalier-introd.it\/fr\/provenance-des-animaux\/","url":"https:\/\/www.parc-animalier-introd.it\/fr\/provenance-des-animaux\/","name":"Provenance des animaux - Parc Animalier Introd","isPartOf":{"@id":"https:\/\/www.parc-animalier-introd.it\/fr\/#website"},"primaryImageOfPage":{"@id":"https:\/\/www.parc-animalier-introd.it\/fr\/provenance-des-animaux\/#primaryimage"},"image":{"@id":"https:\/\/www.parc-animalier-introd.it\/fr\/provenance-des-animaux\/#primaryimage"},"thumbnailUrl":"https:\/\/www.parc-animalier-introd.it\/wp-content\/uploads\/2026\/02\/Parc-illustrazione-2.png","datePublished":"2026-02-28T10:21:12+00:00","dateModified":"2026-04-16T15:58:31+00:00","breadcrumb":{"@id":"https:\/\/www.parc-animalier-introd.it\/fr\/provenance-des-animaux\/#breadcrumb"},"inLanguage":"fr-FR","potentialAction":[{"@type":"ReadAction","target":["https:\/\/www.parc-animalier-introd.it\/fr\/provenance-des-animaux\/"]}]},{"@type":"ImageObject","inLanguage":"fr-FR","@id":"https:\/\/www.parc-animalier-introd.it\/fr\/provenance-des-animaux\/#primaryimage","url":"https:\/\/www.parc-animalier-introd.it\/wp-content\/uploads\/2026\/02\/Parc-illustrazione-2.png","contentUrl":"https:\/\/www.parc-animalier-introd.it\/wp-content\/uploads\/2026\/02\/Parc-illustrazione-2.png"},{"@type":"BreadcrumbList","@id":"https:\/\/www.parc-animalier-introd.it\/fr\/provenance-des-animaux\/#breadcrumb","itemListElement":[{"@type":"ListItem","position":1,"name":"Home","item":"https:\/\/www.parc-animalier-introd.it\/fr\/home\/"},{"@type":"ListItem","position":2,"name":"Provenance des animaux"}]},{"@type":"WebSite","@id":"https:\/\/www.parc-animalier-introd.it\/fr\/#website","url":"https:\/\/www.parc-animalier-introd.it\/fr\/","name":"Parc Animalier Introd","description":"","potentialAction":[{"@type":"SearchAction","target":{"@type":"EntryPoint","urlTemplate":"https:\/\/www.parc-animalier-introd.it\/fr\/?s={search_term_string}"},"query-input":{"@type":"PropertyValueSpecification","valueRequired":true,"valueName":"search_term_string"}}],"inLanguage":"fr-FR"}]}},"_links":{"self":[{"href":"https:\/\/www.parc-animalier-introd.it\/fr\/wp-json\/wp\/v2\/pages\/2986","targetHints":{"allow":["GET"]}}],"collection":[{"href":"https:\/\/www.parc-animalier-introd.it\/fr\/wp-json\/wp\/v2\/pages"}],"about":[{"href":"https:\/\/www.parc-animalier-introd.it\/fr\/wp-json\/wp\/v2\/types\/page"}],"author":[{"embeddable":true,"href":"https:\/\/www.parc-animalier-introd.it\/fr\/wp-json\/wp\/v2\/users\/1"}],"replies":[{"embeddable":true,"href":"https:\/\/www.parc-animalier-introd.it\/fr\/wp-json\/wp\/v2\/comments?post=2986"}],"version-history":[{"count":1,"href":"https:\/\/www.parc-animalier-introd.it\/fr\/wp-json\/wp\/v2\/pages\/2986\/revisions"}],"predecessor-version":[{"id":2987,"href":"https:\/\/www.parc-animalier-introd.it\/fr\/wp-json\/wp\/v2\/pages\/2986\/revisions\/2987"}],"wp:attachment":[{"href":"https:\/\/www.parc-animalier-introd.it\/fr\/wp-json\/wp\/v2\/media?parent=2986"}],"curies":[{"name":"wp","href":"https:\/\/api.w.org\/{rel}","templated":true}]}}