{"id":2929,"date":"2025-12-06T10:34:37","date_gmt":"2025-12-06T09:34:37","guid":{"rendered":"https:\/\/www.parc-animalier-introd.it\/tarifs-pour-les-groupes\/"},"modified":"2026-04-16T17:05:23","modified_gmt":"2026-04-16T15:05:23","slug":"tarifs-pour-les-groupes","status":"publish","type":"page","link":"https:\/\/www.parc-animalier-introd.it\/fr\/tarifs-pour-les-groupes\/","title":{"rendered":"Tarifs pour les groupes"},"content":{"rendered":"\t\t<div data-elementor-type=\"wp-page\" data-elementor-id=\"2929\" class=\"elementor elementor-2929 elementor-39\" data-elementor-post-type=\"page\">\n\t\t\t\t<div class=\"elementor-element elementor-element-7db9428 e-con-full e-flex e-con e-parent\" data-id=\"7db9428\" data-element_type=\"container\" data-e-type=\"container\" data-settings=\"{&quot;background_background&quot;:&quot;classic&quot;}\">\n\t\t<div class=\"elementor-element elementor-element-9b29bd3 e-con-full e-flex e-con e-child\" data-id=\"9b29bd3\" data-element_type=\"container\" data-e-type=\"container\">\n\t\t\t\t<div class=\"elementor-element elementor-element-5ea4c00 elementor-widget elementor-widget-breadcrumbs\" data-id=\"5ea4c00\" data-element_type=\"widget\" data-e-type=\"widget\" data-widget_type=\"breadcrumbs.default\">\n\t\t\t\t\t<p id=\"breadcrumbs\"><span><span><a href=\"https:\/\/www.parc-animalier-introd.it\/fr\/home\/\">Home<\/a><\/span><\/span><\/p>\t\t\t\t<\/div>\n\t\t\t\t<\/div>\n\t\t<div class=\"elementor-element elementor-element-17da182 e-con-full e-flex e-con e-child\" data-id=\"17da182\" data-element_type=\"container\" data-e-type=\"container\">\n\t\t\t\t<div class=\"elementor-element elementor-element-198c214 elementor-widget__width-auto elementor-widget elementor-widget-heading\" data-id=\"198c214\" data-element_type=\"widget\" data-e-type=\"widget\" data-widget_type=\"heading.default\">\n\t\t\t\t\t<h2 class=\"elementor-heading-title elementor-size-default\">Tarifs pour les groupes<\/h2>\t\t\t\t<\/div>\n\t\t\t\t<\/div>\n\t\t<div class=\"elementor-element elementor-element-16fa2fe e-con-full e-flex e-con e-child\" data-id=\"16fa2fe\" data-element_type=\"container\" data-e-type=\"container\" data-settings=\"{&quot;background_background&quot;:&quot;classic&quot;}\">\n\t\t<div class=\"elementor-element elementor-element-46278ef e-con-full e-flex e-con e-child\" data-id=\"46278ef\" data-element_type=\"container\" data-e-type=\"container\" data-settings=\"{&quot;background_background&quot;:&quot;classic&quot;}\">\n\t\t<div class=\"elementor-element elementor-element-2571bd1 e-con-full e-flex e-con e-child\" data-id=\"2571bd1\" data-element_type=\"container\" data-e-type=\"container\" data-settings=\"{&quot;background_background&quot;:&quot;classic&quot;}\">\n\t\t\t\t<div class=\"elementor-element elementor-element-54403ee elementor-widget__width-auto elementor-widget elementor-widget-heading\" data-id=\"54403ee\" data-element_type=\"widget\" data-e-type=\"widget\" data-widget_type=\"heading.default\">\n\t\t\t\t\t<h2 class=\"elementor-heading-title elementor-size-default\">Tarifs pour les \u00e9coles et les centres a\u00e9r\u00e9s<\/h2>\t\t\t\t<\/div>\n\t\t\t\t<div class=\"elementor-element elementor-element-abef731 elementor-widget__width-initial elementor-widget elementor-widget-text-editor\" data-id=\"abef731\" data-element_type=\"widget\" data-e-type=\"widget\" data-widget_type=\"text-editor.default\">\n\t\t\t\t\t\t\t\t\t<p>Prix comprenant la visite guid\u00e9e<br><br><span style=\"text-decoration: underline;\"><strong>Enfants de maternelle :<\/strong><\/span> 5,00 \u20ac<br><span style=\"text-decoration: underline;\"><strong>\u00c9l\u00e8ves du primaire et du secondaire <\/strong><\/span>: 8,00 \u20ac<br><span style=\"text-decoration: underline;\"><strong>Participants au centre d&rsquo;\u00e9t\u00e9 :<\/strong><\/span> 8,00 \u20ac<br><span style=\"text-decoration: underline;\"><strong>\u00c9l\u00e8ves handicap\u00e9s :<\/strong><\/span> gratuit<br><strong>Accompagnateurs :<\/strong> gratuit<\/p>\t\t\t\t\t\t\t\t<\/div>\n\t\t\t\t<\/div>\n\t\t<div class=\"elementor-element elementor-element-714c935 e-con-full e-flex e-con e-child\" data-id=\"714c935\" data-element_type=\"container\" data-e-type=\"container\" data-settings=\"{&quot;background_background&quot;:&quot;classic&quot;}\">\n\t\t\t\t<div class=\"elementor-element elementor-element-54bb029 elementor-widget__width-auto elementor-widget elementor-widget-heading\" data-id=\"54bb029\" data-element_type=\"widget\" data-e-type=\"widget\" data-widget_type=\"heading.default\">\n\t\t\t\t\t<h2 class=\"elementor-heading-title elementor-size-default\">Groupes (minimum 20 personnes)<\/h2>\t\t\t\t<\/div>\n\t\t\t\t<div class=\"elementor-element elementor-element-637fad7 elementor-widget__width-initial elementor-widget elementor-widget-text-editor\" data-id=\"637fad7\" data-element_type=\"widget\" data-e-type=\"widget\" data-widget_type=\"text-editor.default\">\n\t\t\t\t\t\t\t\t\t<p><i>Demande de r\u00e9servation par t\u00e9l\u00e9phone<\/i><\/p><p><b>Adultes : <\/b>11,50 \u20ac<br><span style=\"text-decoration: underline;\"><b>Enfants de 3 \u00e0 14 ans :<\/b><\/span> 7,00 \u20ac<br><span style=\"text-decoration: underline;\"><b>B\u00e9b\u00e9s de 0 \u00e0 2 ans :<\/b><\/span> gratuit<br><span style=\"text-decoration: underline;\"><b>Accompagnateurs <\/b><\/span>: gratuit<\/p>\t\t\t\t\t\t\t\t<\/div>\n\t\t\t\t<\/div>\n\t\t<div class=\"elementor-element elementor-element-72f1733 e-con-full e-flex e-con e-child\" data-id=\"72f1733\" data-element_type=\"container\" data-e-type=\"container\" data-settings=\"{&quot;background_background&quot;:&quot;classic&quot;}\">\n\t\t\t\t<div class=\"elementor-element elementor-element-c90a250 elementor-widget__width-auto elementor-widget elementor-widget-heading\" data-id=\"c90a250\" data-element_type=\"widget\" data-e-type=\"widget\" data-widget_type=\"heading.default\">\n\t\t\t\t\t<h2 class=\"elementor-heading-title elementor-size-default\">Groupe de personnes handicap\u00e9es<\/h2>\t\t\t\t<\/div>\n\t\t\t\t<div class=\"elementor-element elementor-element-f739e9e elementor-widget__width-initial elementor-widget elementor-widget-text-editor\" data-id=\"f739e9e\" data-element_type=\"widget\" data-e-type=\"widget\" data-widget_type=\"text-editor.default\">\n\t\t\t\t\t\t\t\t\t<p>Demande de r\u00e9servation par t\u00e9l\u00e9phone<\/p><p><span style=\"text-decoration: underline;\"><strong>Personnes handicap\u00e9es <\/strong><\/span>: gratuit<br><span style=\"text-decoration: underline;\"><strong>Accompagnateurs <\/strong><\/span>: 11,50 \u20ac<\/p>\t\t\t\t\t\t\t\t<\/div>\n\t\t\t\t<\/div>\n\t\t\t\t<\/div>\n\t\t\t\t<\/div>\n\t\t<div class=\"elementor-element elementor-element-3c21f16 e-con-full e-flex e-con e-child\" data-id=\"3c21f16\" data-element_type=\"container\" data-e-type=\"container\" data-settings=\"{&quot;background_background&quot;:&quot;classic&quot;}\">\n\t\t\t\t<div class=\"elementor-element elementor-element-cd78355 elementor-widget elementor-widget-image\" data-id=\"cd78355\" data-element_type=\"widget\" data-e-type=\"widget\" data-widget_type=\"image.default\">\n\t\t\t\t\t\t\t\t\t\t\t\t\t\t\t<img fetchpriority=\"high\" decoding=\"async\" width=\"1382\" height=\"1372\" src=\"https:\/\/www.parc-animalier-introd.it\/wp-content\/uploads\/2026\/03\/Cervo-cuccioli.png\" class=\"attachment-full size-full wp-image-2928\" alt=\"\" srcset=\"https:\/\/www.parc-animalier-introd.it\/wp-content\/uploads\/2026\/03\/Cervo-cuccioli.png 1382w, https:\/\/www.parc-animalier-introd.it\/wp-content\/uploads\/2026\/03\/Cervo-cuccioli-300x298.png 300w, https:\/\/www.parc-animalier-introd.it\/wp-content\/uploads\/2026\/03\/Cervo-cuccioli-1024x1017.png 1024w, https:\/\/www.parc-animalier-introd.it\/wp-content\/uploads\/2026\/03\/Cervo-cuccioli-150x150.png 150w, https:\/\/www.parc-animalier-introd.it\/wp-content\/uploads\/2026\/03\/Cervo-cuccioli-768x762.png 768w, https:\/\/www.parc-animalier-introd.it\/wp-content\/uploads\/2026\/03\/Cervo-cuccioli-600x596.png 600w, https:\/\/www.parc-animalier-introd.it\/wp-content\/uploads\/2026\/03\/Cervo-cuccioli-100x100.png 100w\" sizes=\"(max-width: 1382px) 100vw, 1382px\" \/>\t\t\t\t\t\t\t\t\t\t\t\t\t\t\t<\/div>\n\t\t\t\t<\/div>\n\t\t\t\t<\/div>\n\t\t\t\t<\/div>\n\t\t","protected":false},"excerpt":{"rendered":"<p>Tarifs pour les \u00e9coles et les centres a\u00e9r\u00e9s Prix comprenant la visite guid\u00e9e Enfants de maternelle : 5,00 \u20ac\u00c9l\u00e8ves du primaire et du secondaire : 8,00 \u20acParticipants au centre d&rsquo;\u00e9t\u00e9 : 8,00 \u20ac\u00c9l\u00e8ves handicap\u00e9s : gratuitAccompagnateurs : gratuit Groupes (minimum 20 personnes) Demande de r\u00e9servation par t\u00e9l\u00e9phone Adultes : 11,50 \u20acEnfants de 3 \u00e0 14 [&hellip;]<\/p>\n","protected":false},"author":1,"featured_media":0,"parent":0,"menu_order":0,"comment_status":"closed","ping_status":"closed","template":"","meta":{"_acf_changed":false,"_joinchat":[],"footnotes":""},"class_list":["post-2929","page","type-page","status-publish","hentry"],"acf":[],"yoast_head":"<!-- This site is optimized with the Yoast SEO plugin v27.4 - https:\/\/yoast.com\/product\/yoast-seo-wordpress\/ -->\n<title>Tarifs pour les groupes - Parc Animalier Introd<\/title>\n<meta name=\"robots\" content=\"index, follow, max-snippet:-1, max-image-preview:large, max-video-preview:-1\" \/>\n<link rel=\"canonical\" href=\"https:\/\/www.parc-animalier-introd.it\/fr\/tarifs-pour-les-groupes\/\" \/>\n<meta property=\"og:locale\" content=\"fr_FR\" \/>\n<meta property=\"og:type\" content=\"article\" \/>\n<meta property=\"og:title\" content=\"Tarifs pour les groupes - Parc Animalier Introd\" \/>\n<meta property=\"og:description\" content=\"Tarifs pour les \u00e9coles et les centres a\u00e9r\u00e9s Prix comprenant la visite guid\u00e9e Enfants de maternelle : 5,00 \u20ac\u00c9l\u00e8ves du primaire et du secondaire : 8,00 \u20acParticipants au centre d&rsquo;\u00e9t\u00e9 : 8,00 \u20ac\u00c9l\u00e8ves handicap\u00e9s : gratuitAccompagnateurs : gratuit Groupes (minimum 20 personnes) Demande de r\u00e9servation par t\u00e9l\u00e9phone Adultes : 11,50 \u20acEnfants de 3 \u00e0 14 [&hellip;]\" \/>\n<meta property=\"og:url\" content=\"https:\/\/www.parc-animalier-introd.it\/fr\/tarifs-pour-les-groupes\/\" \/>\n<meta property=\"og:site_name\" content=\"Parc Animalier Introd\" \/>\n<meta property=\"article:modified_time\" content=\"2026-04-16T15:05:23+00:00\" \/>\n<meta property=\"og:image\" content=\"https:\/\/www.parc-animalier-introd.it\/wp-content\/uploads\/2026\/03\/Cervo-cuccioli.png\" \/>\n\t<meta property=\"og:image:width\" content=\"1382\" \/>\n\t<meta property=\"og:image:height\" content=\"1372\" \/>\n\t<meta property=\"og:image:type\" content=\"image\/png\" \/>\n<meta name=\"twitter:card\" content=\"summary_large_image\" \/>\n<script type=\"application\/ld+json\" class=\"yoast-schema-graph\">{\"@context\":\"https:\\\/\\\/schema.org\",\"@graph\":[{\"@type\":\"WebPage\",\"@id\":\"https:\\\/\\\/www.parc-animalier-introd.it\\\/fr\\\/tarifs-pour-les-groupes\\\/\",\"url\":\"https:\\\/\\\/www.parc-animalier-introd.it\\\/fr\\\/tarifs-pour-les-groupes\\\/\",\"name\":\"Tarifs pour les groupes - Parc Animalier Introd\",\"isPartOf\":{\"@id\":\"https:\\\/\\\/www.parc-animalier-introd.it\\\/fr\\\/#website\"},\"primaryImageOfPage\":{\"@id\":\"https:\\\/\\\/www.parc-animalier-introd.it\\\/fr\\\/tarifs-pour-les-groupes\\\/#primaryimage\"},\"image\":{\"@id\":\"https:\\\/\\\/www.parc-animalier-introd.it\\\/fr\\\/tarifs-pour-les-groupes\\\/#primaryimage\"},\"thumbnailUrl\":\"https:\\\/\\\/www.parc-animalier-introd.it\\\/wp-content\\\/uploads\\\/2026\\\/03\\\/Cervo-cuccioli.png\",\"datePublished\":\"2025-12-06T09:34:37+00:00\",\"dateModified\":\"2026-04-16T15:05:23+00:00\",\"breadcrumb\":{\"@id\":\"https:\\\/\\\/www.parc-animalier-introd.it\\\/fr\\\/tarifs-pour-les-groupes\\\/#breadcrumb\"},\"inLanguage\":\"fr-FR\",\"potentialAction\":[{\"@type\":\"ReadAction\",\"target\":[\"https:\\\/\\\/www.parc-animalier-introd.it\\\/fr\\\/tarifs-pour-les-groupes\\\/\"]}]},{\"@type\":\"ImageObject\",\"inLanguage\":\"fr-FR\",\"@id\":\"https:\\\/\\\/www.parc-animalier-introd.it\\\/fr\\\/tarifs-pour-les-groupes\\\/#primaryimage\",\"url\":\"https:\\\/\\\/www.parc-animalier-introd.it\\\/wp-content\\\/uploads\\\/2026\\\/03\\\/Cervo-cuccioli.png\",\"contentUrl\":\"https:\\\/\\\/www.parc-animalier-introd.it\\\/wp-content\\\/uploads\\\/2026\\\/03\\\/Cervo-cuccioli.png\"},{\"@type\":\"BreadcrumbList\",\"@id\":\"https:\\\/\\\/www.parc-animalier-introd.it\\\/fr\\\/tarifs-pour-les-groupes\\\/#breadcrumb\",\"itemListElement\":[{\"@type\":\"ListItem\",\"position\":1,\"name\":\"Home\",\"item\":\"https:\\\/\\\/www.parc-animalier-introd.it\\\/fr\\\/home\\\/\"},{\"@type\":\"ListItem\",\"position\":2,\"name\":\"Tarifs pour les groupes\"}]},{\"@type\":\"WebSite\",\"@id\":\"https:\\\/\\\/www.parc-animalier-introd.it\\\/fr\\\/#website\",\"url\":\"https:\\\/\\\/www.parc-animalier-introd.it\\\/fr\\\/\",\"name\":\"Parc Animalier Introd\",\"description\":\"\",\"potentialAction\":[{\"@type\":\"SearchAction\",\"target\":{\"@type\":\"EntryPoint\",\"urlTemplate\":\"https:\\\/\\\/www.parc-animalier-introd.it\\\/fr\\\/?s={search_term_string}\"},\"query-input\":{\"@type\":\"PropertyValueSpecification\",\"valueRequired\":true,\"valueName\":\"search_term_string\"}}],\"inLanguage\":\"fr-FR\"}]}<\/script>\n<!-- \/ Yoast SEO plugin. -->","yoast_head_json":{"title":"Tarifs pour les groupes - Parc Animalier Introd","robots":{"index":"index","follow":"follow","max-snippet":"max-snippet:-1","max-image-preview":"max-image-preview:large","max-video-preview":"max-video-preview:-1"},"canonical":"https:\/\/www.parc-animalier-introd.it\/fr\/tarifs-pour-les-groupes\/","og_locale":"fr_FR","og_type":"article","og_title":"Tarifs pour les groupes - Parc Animalier Introd","og_description":"Tarifs pour les \u00e9coles et les centres a\u00e9r\u00e9s Prix comprenant la visite guid\u00e9e Enfants de maternelle : 5,00 \u20ac\u00c9l\u00e8ves du primaire et du secondaire : 8,00 \u20acParticipants au centre d&rsquo;\u00e9t\u00e9 : 8,00 \u20ac\u00c9l\u00e8ves handicap\u00e9s : gratuitAccompagnateurs : gratuit Groupes (minimum 20 personnes) Demande de r\u00e9servation par t\u00e9l\u00e9phone Adultes : 11,50 \u20acEnfants de 3 \u00e0 14 [&hellip;]","og_url":"https:\/\/www.parc-animalier-introd.it\/fr\/tarifs-pour-les-groupes\/","og_site_name":"Parc Animalier Introd","article_modified_time":"2026-04-16T15:05:23+00:00","og_image":[{"width":1382,"height":1372,"url":"https:\/\/www.parc-animalier-introd.it\/wp-content\/uploads\/2026\/03\/Cervo-cuccioli.png","type":"image\/png"}],"twitter_card":"summary_large_image","schema":{"@context":"https:\/\/schema.org","@graph":[{"@type":"WebPage","@id":"https:\/\/www.parc-animalier-introd.it\/fr\/tarifs-pour-les-groupes\/","url":"https:\/\/www.parc-animalier-introd.it\/fr\/tarifs-pour-les-groupes\/","name":"Tarifs pour les groupes - Parc Animalier Introd","isPartOf":{"@id":"https:\/\/www.parc-animalier-introd.it\/fr\/#website"},"primaryImageOfPage":{"@id":"https:\/\/www.parc-animalier-introd.it\/fr\/tarifs-pour-les-groupes\/#primaryimage"},"image":{"@id":"https:\/\/www.parc-animalier-introd.it\/fr\/tarifs-pour-les-groupes\/#primaryimage"},"thumbnailUrl":"https:\/\/www.parc-animalier-introd.it\/wp-content\/uploads\/2026\/03\/Cervo-cuccioli.png","datePublished":"2025-12-06T09:34:37+00:00","dateModified":"2026-04-16T15:05:23+00:00","breadcrumb":{"@id":"https:\/\/www.parc-animalier-introd.it\/fr\/tarifs-pour-les-groupes\/#breadcrumb"},"inLanguage":"fr-FR","potentialAction":[{"@type":"ReadAction","target":["https:\/\/www.parc-animalier-introd.it\/fr\/tarifs-pour-les-groupes\/"]}]},{"@type":"ImageObject","inLanguage":"fr-FR","@id":"https:\/\/www.parc-animalier-introd.it\/fr\/tarifs-pour-les-groupes\/#primaryimage","url":"https:\/\/www.parc-animalier-introd.it\/wp-content\/uploads\/2026\/03\/Cervo-cuccioli.png","contentUrl":"https:\/\/www.parc-animalier-introd.it\/wp-content\/uploads\/2026\/03\/Cervo-cuccioli.png"},{"@type":"BreadcrumbList","@id":"https:\/\/www.parc-animalier-introd.it\/fr\/tarifs-pour-les-groupes\/#breadcrumb","itemListElement":[{"@type":"ListItem","position":1,"name":"Home","item":"https:\/\/www.parc-animalier-introd.it\/fr\/home\/"},{"@type":"ListItem","position":2,"name":"Tarifs pour les groupes"}]},{"@type":"WebSite","@id":"https:\/\/www.parc-animalier-introd.it\/fr\/#website","url":"https:\/\/www.parc-animalier-introd.it\/fr\/","name":"Parc Animalier Introd","description":"","potentialAction":[{"@type":"SearchAction","target":{"@type":"EntryPoint","urlTemplate":"https:\/\/www.parc-animalier-introd.it\/fr\/?s={search_term_string}"},"query-input":{"@type":"PropertyValueSpecification","valueRequired":true,"valueName":"search_term_string"}}],"inLanguage":"fr-FR"}]}},"_links":{"self":[{"href":"https:\/\/www.parc-animalier-introd.it\/fr\/wp-json\/wp\/v2\/pages\/2929","targetHints":{"allow":["GET"]}}],"collection":[{"href":"https:\/\/www.parc-animalier-introd.it\/fr\/wp-json\/wp\/v2\/pages"}],"about":[{"href":"https:\/\/www.parc-animalier-introd.it\/fr\/wp-json\/wp\/v2\/types\/page"}],"author":[{"embeddable":true,"href":"https:\/\/www.parc-animalier-introd.it\/fr\/wp-json\/wp\/v2\/users\/1"}],"replies":[{"embeddable":true,"href":"https:\/\/www.parc-animalier-introd.it\/fr\/wp-json\/wp\/v2\/comments?post=2929"}],"version-history":[{"count":1,"href":"https:\/\/www.parc-animalier-introd.it\/fr\/wp-json\/wp\/v2\/pages\/2929\/revisions"}],"predecessor-version":[{"id":2938,"href":"https:\/\/www.parc-animalier-introd.it\/fr\/wp-json\/wp\/v2\/pages\/2929\/revisions\/2938"}],"wp:attachment":[{"href":"https:\/\/www.parc-animalier-introd.it\/fr\/wp-json\/wp\/v2\/media?parent=2929"}],"curies":[{"name":"wp","href":"https:\/\/api.w.org\/{rel}","templated":true}]}}