{"id":2922,"date":"2026-02-20T08:26:45","date_gmt":"2026-02-20T07:26:45","guid":{"rendered":"https:\/\/www.parc-animalier-introd.it\/recompense-code-qr\/"},"modified":"2026-04-16T16:59:59","modified_gmt":"2026-04-16T14:59:59","slug":"recompense-code-qr","status":"publish","type":"page","link":"https:\/\/www.parc-animalier-introd.it\/fr\/recompense-code-qr\/","title":{"rendered":"R\u00e9compense code QR"},"content":{"rendered":"\t\t<div data-elementor-type=\"wp-page\" data-elementor-id=\"2922\" class=\"elementor elementor-2922 elementor-783\" data-elementor-post-type=\"page\">\n\t\t\t\t<div class=\"elementor-element elementor-element-b82cce5 e-con-full e-flex e-con e-parent\" data-id=\"b82cce5\" data-element_type=\"container\" data-e-type=\"container\" data-settings=\"{&quot;background_background&quot;:&quot;classic&quot;}\">\n\t\t<div class=\"elementor-element elementor-element-31de07a e-con-full e-flex e-con e-child\" data-id=\"31de07a\" data-element_type=\"container\" data-e-type=\"container\">\n\t\t\t\t<div class=\"elementor-element elementor-element-a6437e6 elementor-widget elementor-widget-breadcrumbs\" data-id=\"a6437e6\" data-element_type=\"widget\" data-e-type=\"widget\" data-widget_type=\"breadcrumbs.default\">\n\t\t\t\t\t<p id=\"breadcrumbs\"><span><span><a href=\"https:\/\/www.parc-animalier-introd.it\/fr\/home\/\">Home<\/a><\/span><\/span><\/p>\t\t\t\t<\/div>\n\t\t\t\t<\/div>\n\t\t<div class=\"elementor-element elementor-element-c44f5b8 e-con-full e-flex e-con e-child\" data-id=\"c44f5b8\" data-element_type=\"container\" data-e-type=\"container\">\n\t\t\t\t<div class=\"elementor-element elementor-element-929de5d elementor-widget__width-auto elementor-widget elementor-widget-heading\" data-id=\"929de5d\" data-element_type=\"widget\" data-e-type=\"widget\" data-widget_type=\"heading.default\">\n\t\t\t\t\t<h2 class=\"elementor-heading-title elementor-size-default\">R\u00e9compense code QR<\/h2>\t\t\t\t<\/div>\n\t\t\t\t<\/div>\n\t\t<div class=\"elementor-element elementor-element-f609734 e-con-full e-flex e-con e-child\" data-id=\"f609734\" data-element_type=\"container\" data-e-type=\"container\">\n\t\t<div class=\"elementor-element elementor-element-84412a8 e-con-full e-flex e-con e-child\" data-id=\"84412a8\" data-element_type=\"container\" data-e-type=\"container\">\n\t\t\t\t<div class=\"elementor-element elementor-element-af02af8 elementor-widget__width-initial elementor-widget elementor-widget-text-editor\" data-id=\"af02af8\" data-element_type=\"widget\" data-e-type=\"widget\" data-widget_type=\"text-editor.default\">\n\t\t\t\t\t\t\t\t\t<h2 class=\"wp-block-heading\"><strong>F\u00e9licitations<\/strong> ! Tu as droit \u00e0 <strong>10 % de r\u00e9duction<\/strong> sur l\u2019achat de souvenirs dans la petite boutique \u00e0 la sortie. Fais une capture d\u2019\u00e9cran et montre-la \u00e0 la caisse.*<\/h2><p>*Valable exclusivement pour les souvenirs.<\/p>\t\t\t\t\t\t\t\t<\/div>\n\t\t\t\t<\/div>\n\t\t<div class=\"elementor-element elementor-element-12dfba5 e-con-full e-flex e-con e-child\" data-id=\"12dfba5\" data-element_type=\"container\" data-e-type=\"container\">\n\t\t\t\t<div class=\"elementor-element elementor-element-c125bd3 elementor-widget__width-auto elementor-widget elementor-widget-image\" data-id=\"c125bd3\" data-element_type=\"widget\" data-e-type=\"widget\" data-widget_type=\"image.default\">\n\t\t\t\t\t\t\t\t\t\t\t\t\t\t\t<img fetchpriority=\"high\" decoding=\"async\" width=\"1500\" height=\"1579\" src=\"https:\/\/www.parc-animalier-introd.it\/wp-content\/uploads\/2026\/02\/Parc-illustrazione.png\" class=\"attachment-full size-full wp-image-2707\" alt=\"\" srcset=\"https:\/\/www.parc-animalier-introd.it\/wp-content\/uploads\/2026\/02\/Parc-illustrazione.png 1500w, https:\/\/www.parc-animalier-introd.it\/wp-content\/uploads\/2026\/02\/Parc-illustrazione-285x300.png 285w, https:\/\/www.parc-animalier-introd.it\/wp-content\/uploads\/2026\/02\/Parc-illustrazione-973x1024.png 973w, https:\/\/www.parc-animalier-introd.it\/wp-content\/uploads\/2026\/02\/Parc-illustrazione-768x808.png 768w, https:\/\/www.parc-animalier-introd.it\/wp-content\/uploads\/2026\/02\/Parc-illustrazione-1459x1536.png 1459w\" sizes=\"(max-width: 1500px) 100vw, 1500px\" \/>\t\t\t\t\t\t\t\t\t\t\t\t\t\t\t<\/div>\n\t\t\t\t<\/div>\n\t\t\t\t<\/div>\n\t\t\t\t<\/div>\n\t\t\t\t<\/div>\n\t\t","protected":false},"excerpt":{"rendered":"<p>F\u00e9licitations ! Tu as droit \u00e0 10 % de r\u00e9duction sur l\u2019achat de souvenirs dans la petite boutique \u00e0 la sortie. Fais une capture d\u2019\u00e9cran et montre-la \u00e0 la caisse.* *Valable exclusivement pour les souvenirs.<\/p>\n","protected":false},"author":1,"featured_media":0,"parent":0,"menu_order":0,"comment_status":"closed","ping_status":"closed","template":"","meta":{"_acf_changed":false,"_joinchat":[],"footnotes":""},"class_list":["post-2922","page","type-page","status-publish","hentry"],"acf":[],"yoast_head":"<!-- This site is optimized with the Yoast SEO plugin v27.5 - https:\/\/yoast.com\/product\/yoast-seo-wordpress\/ -->\n<title>R\u00e9compense code QR - Parc Animalier Introd<\/title>\n<meta name=\"robots\" content=\"index, follow, max-snippet:-1, max-image-preview:large, max-video-preview:-1\" \/>\n<link rel=\"canonical\" href=\"https:\/\/www.parc-animalier-introd.it\/fr\/recompense-code-qr\/\" \/>\n<meta property=\"og:locale\" content=\"fr_FR\" \/>\n<meta property=\"og:type\" content=\"article\" \/>\n<meta property=\"og:title\" content=\"R\u00e9compense code QR - Parc Animalier Introd\" \/>\n<meta property=\"og:description\" content=\"F\u00e9licitations ! Tu as droit \u00e0 10 % de r\u00e9duction sur l\u2019achat de souvenirs dans la petite boutique \u00e0 la sortie. Fais une capture d\u2019\u00e9cran et montre-la \u00e0 la caisse.* *Valable exclusivement pour les souvenirs.\" \/>\n<meta property=\"og:url\" content=\"https:\/\/www.parc-animalier-introd.it\/fr\/recompense-code-qr\/\" \/>\n<meta property=\"og:site_name\" content=\"Parc Animalier Introd\" \/>\n<meta property=\"article:modified_time\" content=\"2026-04-16T14:59:59+00:00\" \/>\n<meta property=\"og:image\" content=\"https:\/\/www.parc-animalier-introd.it\/wp-content\/uploads\/2026\/02\/Parc-illustrazione.png\" \/>\n\t<meta property=\"og:image:width\" content=\"1500\" \/>\n\t<meta property=\"og:image:height\" content=\"1579\" \/>\n\t<meta property=\"og:image:type\" content=\"image\/png\" \/>\n<meta name=\"twitter:card\" content=\"summary_large_image\" \/>\n<script type=\"application\/ld+json\" class=\"yoast-schema-graph\">{\"@context\":\"https:\\\/\\\/schema.org\",\"@graph\":[{\"@type\":\"WebPage\",\"@id\":\"https:\\\/\\\/www.parc-animalier-introd.it\\\/fr\\\/recompense-code-qr\\\/\",\"url\":\"https:\\\/\\\/www.parc-animalier-introd.it\\\/fr\\\/recompense-code-qr\\\/\",\"name\":\"R\u00e9compense code QR - Parc Animalier Introd\",\"isPartOf\":{\"@id\":\"https:\\\/\\\/www.parc-animalier-introd.it\\\/fr\\\/#website\"},\"primaryImageOfPage\":{\"@id\":\"https:\\\/\\\/www.parc-animalier-introd.it\\\/fr\\\/recompense-code-qr\\\/#primaryimage\"},\"image\":{\"@id\":\"https:\\\/\\\/www.parc-animalier-introd.it\\\/fr\\\/recompense-code-qr\\\/#primaryimage\"},\"thumbnailUrl\":\"https:\\\/\\\/www.parc-animalier-introd.it\\\/wp-content\\\/uploads\\\/2026\\\/02\\\/Parc-illustrazione.png\",\"datePublished\":\"2026-02-20T07:26:45+00:00\",\"dateModified\":\"2026-04-16T14:59:59+00:00\",\"breadcrumb\":{\"@id\":\"https:\\\/\\\/www.parc-animalier-introd.it\\\/fr\\\/recompense-code-qr\\\/#breadcrumb\"},\"inLanguage\":\"fr-FR\",\"potentialAction\":[{\"@type\":\"ReadAction\",\"target\":[\"https:\\\/\\\/www.parc-animalier-introd.it\\\/fr\\\/recompense-code-qr\\\/\"]}]},{\"@type\":\"ImageObject\",\"inLanguage\":\"fr-FR\",\"@id\":\"https:\\\/\\\/www.parc-animalier-introd.it\\\/fr\\\/recompense-code-qr\\\/#primaryimage\",\"url\":\"https:\\\/\\\/www.parc-animalier-introd.it\\\/wp-content\\\/uploads\\\/2026\\\/02\\\/Parc-illustrazione.png\",\"contentUrl\":\"https:\\\/\\\/www.parc-animalier-introd.it\\\/wp-content\\\/uploads\\\/2026\\\/02\\\/Parc-illustrazione.png\"},{\"@type\":\"BreadcrumbList\",\"@id\":\"https:\\\/\\\/www.parc-animalier-introd.it\\\/fr\\\/recompense-code-qr\\\/#breadcrumb\",\"itemListElement\":[{\"@type\":\"ListItem\",\"position\":1,\"name\":\"Home\",\"item\":\"https:\\\/\\\/www.parc-animalier-introd.it\\\/fr\\\/home\\\/\"},{\"@type\":\"ListItem\",\"position\":2,\"name\":\"R\u00e9compense code QR\"}]},{\"@type\":\"WebSite\",\"@id\":\"https:\\\/\\\/www.parc-animalier-introd.it\\\/fr\\\/#website\",\"url\":\"https:\\\/\\\/www.parc-animalier-introd.it\\\/fr\\\/\",\"name\":\"Parc Animalier Introd\",\"description\":\"\",\"potentialAction\":[{\"@type\":\"SearchAction\",\"target\":{\"@type\":\"EntryPoint\",\"urlTemplate\":\"https:\\\/\\\/www.parc-animalier-introd.it\\\/fr\\\/?s={search_term_string}\"},\"query-input\":{\"@type\":\"PropertyValueSpecification\",\"valueRequired\":true,\"valueName\":\"search_term_string\"}}],\"inLanguage\":\"fr-FR\"}]}<\/script>\n<!-- \/ Yoast SEO plugin. -->","yoast_head_json":{"title":"R\u00e9compense code QR - Parc Animalier Introd","robots":{"index":"index","follow":"follow","max-snippet":"max-snippet:-1","max-image-preview":"max-image-preview:large","max-video-preview":"max-video-preview:-1"},"canonical":"https:\/\/www.parc-animalier-introd.it\/fr\/recompense-code-qr\/","og_locale":"fr_FR","og_type":"article","og_title":"R\u00e9compense code QR - Parc Animalier Introd","og_description":"F\u00e9licitations ! Tu as droit \u00e0 10 % de r\u00e9duction sur l\u2019achat de souvenirs dans la petite boutique \u00e0 la sortie. Fais une capture d\u2019\u00e9cran et montre-la \u00e0 la caisse.* *Valable exclusivement pour les souvenirs.","og_url":"https:\/\/www.parc-animalier-introd.it\/fr\/recompense-code-qr\/","og_site_name":"Parc Animalier Introd","article_modified_time":"2026-04-16T14:59:59+00:00","og_image":[{"width":1500,"height":1579,"url":"https:\/\/www.parc-animalier-introd.it\/wp-content\/uploads\/2026\/02\/Parc-illustrazione.png","type":"image\/png"}],"twitter_card":"summary_large_image","schema":{"@context":"https:\/\/schema.org","@graph":[{"@type":"WebPage","@id":"https:\/\/www.parc-animalier-introd.it\/fr\/recompense-code-qr\/","url":"https:\/\/www.parc-animalier-introd.it\/fr\/recompense-code-qr\/","name":"R\u00e9compense code QR - Parc Animalier Introd","isPartOf":{"@id":"https:\/\/www.parc-animalier-introd.it\/fr\/#website"},"primaryImageOfPage":{"@id":"https:\/\/www.parc-animalier-introd.it\/fr\/recompense-code-qr\/#primaryimage"},"image":{"@id":"https:\/\/www.parc-animalier-introd.it\/fr\/recompense-code-qr\/#primaryimage"},"thumbnailUrl":"https:\/\/www.parc-animalier-introd.it\/wp-content\/uploads\/2026\/02\/Parc-illustrazione.png","datePublished":"2026-02-20T07:26:45+00:00","dateModified":"2026-04-16T14:59:59+00:00","breadcrumb":{"@id":"https:\/\/www.parc-animalier-introd.it\/fr\/recompense-code-qr\/#breadcrumb"},"inLanguage":"fr-FR","potentialAction":[{"@type":"ReadAction","target":["https:\/\/www.parc-animalier-introd.it\/fr\/recompense-code-qr\/"]}]},{"@type":"ImageObject","inLanguage":"fr-FR","@id":"https:\/\/www.parc-animalier-introd.it\/fr\/recompense-code-qr\/#primaryimage","url":"https:\/\/www.parc-animalier-introd.it\/wp-content\/uploads\/2026\/02\/Parc-illustrazione.png","contentUrl":"https:\/\/www.parc-animalier-introd.it\/wp-content\/uploads\/2026\/02\/Parc-illustrazione.png"},{"@type":"BreadcrumbList","@id":"https:\/\/www.parc-animalier-introd.it\/fr\/recompense-code-qr\/#breadcrumb","itemListElement":[{"@type":"ListItem","position":1,"name":"Home","item":"https:\/\/www.parc-animalier-introd.it\/fr\/home\/"},{"@type":"ListItem","position":2,"name":"R\u00e9compense code QR"}]},{"@type":"WebSite","@id":"https:\/\/www.parc-animalier-introd.it\/fr\/#website","url":"https:\/\/www.parc-animalier-introd.it\/fr\/","name":"Parc Animalier Introd","description":"","potentialAction":[{"@type":"SearchAction","target":{"@type":"EntryPoint","urlTemplate":"https:\/\/www.parc-animalier-introd.it\/fr\/?s={search_term_string}"},"query-input":{"@type":"PropertyValueSpecification","valueRequired":true,"valueName":"search_term_string"}}],"inLanguage":"fr-FR"}]}},"_links":{"self":[{"href":"https:\/\/www.parc-animalier-introd.it\/fr\/wp-json\/wp\/v2\/pages\/2922","targetHints":{"allow":["GET"]}}],"collection":[{"href":"https:\/\/www.parc-animalier-introd.it\/fr\/wp-json\/wp\/v2\/pages"}],"about":[{"href":"https:\/\/www.parc-animalier-introd.it\/fr\/wp-json\/wp\/v2\/types\/page"}],"author":[{"embeddable":true,"href":"https:\/\/www.parc-animalier-introd.it\/fr\/wp-json\/wp\/v2\/users\/1"}],"replies":[{"embeddable":true,"href":"https:\/\/www.parc-animalier-introd.it\/fr\/wp-json\/wp\/v2\/comments?post=2922"}],"version-history":[{"count":1,"href":"https:\/\/www.parc-animalier-introd.it\/fr\/wp-json\/wp\/v2\/pages\/2922\/revisions"}],"predecessor-version":[{"id":2923,"href":"https:\/\/www.parc-animalier-introd.it\/fr\/wp-json\/wp\/v2\/pages\/2922\/revisions\/2923"}],"wp:attachment":[{"href":"https:\/\/www.parc-animalier-introd.it\/fr\/wp-json\/wp\/v2\/media?parent=2922"}],"curies":[{"name":"wp","href":"https:\/\/api.w.org\/{rel}","templated":true}]}}