{"id":2918,"date":"2025-12-06T10:34:24","date_gmt":"2025-12-06T09:34:24","guid":{"rendered":"https:\/\/www.parc-animalier-introd.it\/apprenez-avec-nous\/"},"modified":"2026-04-16T16:55:29","modified_gmt":"2026-04-16T14:55:29","slug":"apprenez-avec-nous","status":"publish","type":"page","link":"https:\/\/www.parc-animalier-introd.it\/fr\/apprenez-avec-nous\/","title":{"rendered":"Apprenez avec nous"},"content":{"rendered":"\t\t<div data-elementor-type=\"wp-page\" data-elementor-id=\"2918\" class=\"elementor elementor-2918 elementor-37\" data-elementor-post-type=\"page\">\n\t\t\t\t<div class=\"elementor-element elementor-element-76b9229 e-con-full e-flex e-con e-parent\" data-id=\"76b9229\" data-element_type=\"container\" data-e-type=\"container\" data-settings=\"{&quot;background_background&quot;:&quot;classic&quot;}\">\n\t\t<div class=\"elementor-element elementor-element-820afa6 e-con-full e-flex e-con e-child\" data-id=\"820afa6\" data-element_type=\"container\" data-e-type=\"container\">\n\t\t\t\t<div class=\"elementor-element elementor-element-5196e63 elementor-widget elementor-widget-breadcrumbs\" data-id=\"5196e63\" data-element_type=\"widget\" data-e-type=\"widget\" data-widget_type=\"breadcrumbs.default\">\n\t\t\t\t\t<p id=\"breadcrumbs\"><span><span><a href=\"https:\/\/www.parc-animalier-introd.it\/fr\/home\/\">Home<\/a><\/span><\/span><\/p>\t\t\t\t<\/div>\n\t\t\t\t<\/div>\n\t\t<div class=\"elementor-element elementor-element-e499d83 e-con-full e-flex e-con e-child\" data-id=\"e499d83\" data-element_type=\"container\" data-e-type=\"container\">\n\t\t\t\t<div class=\"elementor-element elementor-element-b36212b elementor-widget__width-auto elementor-widget elementor-widget-heading\" data-id=\"b36212b\" data-element_type=\"widget\" data-e-type=\"widget\" data-widget_type=\"heading.default\">\n\t\t\t\t\t<h2 class=\"elementor-heading-title elementor-size-default\">Apprenez avec nous<\/h2>\t\t\t\t<\/div>\n\t\t\t\t<\/div>\n\t\t<div class=\"elementor-element elementor-element-da5bf8f e-con-full e-flex e-con e-child\" data-id=\"da5bf8f\" data-element_type=\"container\" data-e-type=\"container\" data-settings=\"{&quot;background_background&quot;:&quot;classic&quot;}\">\n\t\t<div class=\"elementor-element elementor-element-c958ded e-con-full e-flex e-con e-child\" data-id=\"c958ded\" data-element_type=\"container\" data-e-type=\"container\" data-settings=\"{&quot;background_background&quot;:&quot;classic&quot;}\">\n\t\t<div class=\"elementor-element elementor-element-3745d92 e-con-full e-flex e-con e-child\" data-id=\"3745d92\" data-element_type=\"container\" data-e-type=\"container\" data-settings=\"{&quot;background_background&quot;:&quot;classic&quot;}\">\n\t\t\t\t<div class=\"elementor-element elementor-element-c759e91 elementor-widget__width-auto elementor-widget elementor-widget-heading\" data-id=\"c759e91\" data-element_type=\"widget\" data-e-type=\"widget\" data-widget_type=\"heading.default\">\n\t\t\t\t\t<h2 class=\"elementor-heading-title elementor-size-default\">Une exp\u00e9rience \u00e9ducative en contact avec la nature<\/h2>\t\t\t\t<\/div>\n\t\t\t\t<div class=\"elementor-element elementor-element-7df1059 elementor-widget__width-initial elementor-widget elementor-widget-text-editor\" data-id=\"7df1059\" data-element_type=\"widget\" data-e-type=\"widget\" data-widget_type=\"text-editor.default\">\n\t\t\t\t\t\t\t\t\t<p>D\u00e8s notre plus jeune \u00e2ge, la nature nous enseigne la valeur du respect et de l\u2019harmonie avec les \u00eatres vivants qui nous entourent. Au Parc Animalier, vous pourrez vivre tout cela en direct : nous vous invitons \u00e0 d\u00e9couvrir la flore et la faune locales \u00e0 travers une v\u00e9ritable \u00ab le\u00e7on de nature \u00bb, une occasion d\u2019entrer en contact direct avec les animaux et les plantes typiques de l\u2019environnement alpin, plong\u00e9s dans la tranquillit\u00e9 et le silence qui rendent notre parc unique. <br><br><span style=\"text-decoration: underline;\"><strong>Visite guid\u00e9e<\/strong><\/span><br><strong>Dur\u00e9e<\/strong> : environ deux heures<br><strong>Prix<\/strong> : visite guid\u00e9e comprise<\/p>\t\t\t\t\t\t\t\t<\/div>\n\t\t\t\t<\/div>\n\t\t\t\t<\/div>\n\t\t\t\t<\/div>\n\t\t<div class=\"elementor-element elementor-element-b9b0c0d e-con-full e-flex e-con e-child\" data-id=\"b9b0c0d\" data-element_type=\"container\" data-e-type=\"container\">\n\t\t<div class=\"elementor-element elementor-element-066ed34 e-con-full e-flex e-con e-child\" data-id=\"066ed34\" data-element_type=\"container\" data-e-type=\"container\">\n\t\t<div class=\"elementor-element elementor-element-da64b88 e-con-full e-flex e-con e-child\" data-id=\"da64b88\" data-element_type=\"container\" data-e-type=\"container\">\n\t\t\t\t<div class=\"elementor-element elementor-element-b00c8e9 elementor-widget__width-auto elementor-widget elementor-widget-heading\" data-id=\"b00c8e9\" data-element_type=\"widget\" data-e-type=\"widget\" data-widget_type=\"heading.default\">\n\t\t\t\t\t<h2 class=\"elementor-heading-title elementor-size-default\">Aires de pique-nique<\/h2>\t\t\t\t<\/div>\n\t\t\t\t<div class=\"elementor-element elementor-element-bc4976e elementor-widget__width-initial elementor-widget elementor-widget-text-editor\" data-id=\"bc4976e\" data-element_type=\"widget\" data-e-type=\"widget\" data-widget_type=\"text-editor.default\">\n\t\t\t\t\t\t\t\t\t<p>Il est possible de s&rsquo;arr\u00eater dans le parc pour pique-niquer dans l&rsquo;une des deux aires am\u00e9nag\u00e9es :<br><br>1. La premi\u00e8re aire dispose de tables, de bancs et d&rsquo;une petite aire de jeux.<br><br>2. La seconde dispose d&rsquo;un espace couvert, id\u00e9al en cas de mauvais temps.<\/p>\t\t\t\t\t\t\t\t<\/div>\n\t\t\t\t<\/div>\n\t\t\t\t<\/div>\n\t\t<div class=\"elementor-element elementor-element-5925591 e-con-full e-flex e-con e-child\" data-id=\"5925591\" data-element_type=\"container\" data-e-type=\"container\">\n\t\t<div class=\"elementor-element elementor-element-d45123a e-con-full e-flex e-con e-child\" data-id=\"d45123a\" data-element_type=\"container\" data-e-type=\"container\">\n\t\t\t\t<div class=\"elementor-element elementor-element-0c318ec elementor-widget__width-auto elementor-widget elementor-widget-heading\" data-id=\"0c318ec\" data-element_type=\"widget\" data-e-type=\"widget\" data-widget_type=\"heading.default\">\n\t\t\t\t\t<h2 class=\"elementor-heading-title elementor-size-default\">Comment enrichir votre visite<\/h2>\t\t\t\t<\/div>\n\t\t\t\t<div class=\"elementor-element elementor-element-8810b2e elementor-widget__width-initial elementor-widget elementor-widget-text-editor\" data-id=\"8810b2e\" data-element_type=\"widget\" data-e-type=\"widget\" data-widget_type=\"text-editor.default\">\n\t\t\t\t\t\t\t\t\t<p>Apr\u00e8s la visite guid\u00e9e, vous pouvez ajouter d&rsquo;autres activit\u00e9s pour compl\u00e9ter votre exp\u00e9rience :<\/p><p><strong>1. Activit\u00e9s p\u00e9dagogiques<\/strong><br>Cours dispens\u00e9s par des experts de la flore et de la faune alpines, directement au sein du parc.<\/p><p><strong>2. Les Amis du Bois \u2013 \u00ab Atelier du bois \u00bb<\/strong><br>D\u00e9monstrations d&rsquo;artisanat traditionnel (activit\u00e9 gratuite).<\/p><p><strong>3. Visite du ch\u00e2teau d&rsquo;Introd<\/strong><br>En r\u00e9servant aupr\u00e8s de la Fondation Grand Paradis au 0165 749264.<\/p>\t\t\t\t\t\t\t\t<\/div>\n\t\t\t\t<\/div>\n\t\t\t\t<\/div>\n\t\t<div class=\"elementor-element elementor-element-1b0ef82 e-con-full e-flex e-con e-child\" data-id=\"1b0ef82\" data-element_type=\"container\" data-e-type=\"container\">\n\t\t<div class=\"elementor-element elementor-element-e626ee5 e-con-full e-flex e-con e-child\" data-id=\"e626ee5\" data-element_type=\"container\" data-e-type=\"container\">\n\t\t\t\t<div class=\"elementor-element elementor-element-c2314d6 elementor-widget__width-auto elementor-widget elementor-widget-heading\" data-id=\"c2314d6\" data-element_type=\"widget\" data-e-type=\"widget\" data-widget_type=\"heading.default\">\n\t\t\t\t\t<h2 class=\"elementor-heading-title elementor-size-default\">Prenotazioni<\/h2>\t\t\t\t<\/div>\n\t\t\t\t<div class=\"elementor-element elementor-element-069c1a5 elementor-widget__width-initial elementor-widget elementor-widget-text-editor\" data-id=\"069c1a5\" data-element_type=\"widget\" data-e-type=\"widget\" data-widget_type=\"text-editor.default\">\n\t\t\t\t\t\t\t\t\t<p>Avant de r\u00e9server votre visite (en cliquant sur le bouton ci-dessous), veuillez contacter le Parc au +39 0165 95982 afin de v\u00e9rifier la disponibilit\u00e9 \u00e0 la date souhait\u00e9e.<br><br><br>Nous vous attendons pour vous offrir une journ\u00e9e riche en d\u00e9couvertes, en divertissement et en \u00e9merveillement, en pleine nature !<\/p>\t\t\t\t\t\t\t\t<\/div>\n\t\t\t\t<\/div>\n\t\t\t\t<\/div>\n\t\t\t\t<\/div>\n\t\t\t\t<\/div>\n\t\t<div class=\"elementor-element elementor-element-dda1c1b e-con-full e-flex e-con e-child\" data-id=\"dda1c1b\" data-element_type=\"container\" data-e-type=\"container\">\n\t\t\t\t<div class=\"elementor-element elementor-element-98144ca elementor-align-center elementor-widget__width-auto elementor-widget elementor-widget-button\" data-id=\"98144ca\" data-element_type=\"widget\" data-e-type=\"widget\" data-widget_type=\"button.default\">\n\t\t\t\t\t\t\t\t\t\t<a class=\"elementor-button elementor-button-link elementor-size-sm\" href=\"https:\/\/www.parc-animalier-introd.it\/proposte-didattiche\/\">\n\t\t\t\t\t\t<span class=\"elementor-button-content-wrapper\">\n\t\t\t\t\t\t\t\t\t<span class=\"elementor-button-text\">Propositions p\u00e9dagogiques<\/span>\n\t\t\t\t\t<\/span>\n\t\t\t\t\t<\/a>\n\t\t\t\t\t\t\t\t<\/div>\n\t\t\t\t<\/div>\n\t\t\t\t<\/div>\n\t\t","protected":false},"excerpt":{"rendered":"<p>Une exp\u00e9rience \u00e9ducative en contact avec la nature D\u00e8s notre plus jeune \u00e2ge, la nature nous enseigne la valeur du respect et de l\u2019harmonie avec les \u00eatres vivants qui nous entourent. Au Parc Animalier, vous pourrez vivre tout cela en direct : nous vous invitons \u00e0 d\u00e9couvrir la flore et la faune locales \u00e0 travers [&hellip;]<\/p>\n","protected":false},"author":1,"featured_media":0,"parent":0,"menu_order":0,"comment_status":"closed","ping_status":"closed","template":"","meta":{"_acf_changed":false,"_joinchat":[],"footnotes":""},"class_list":["post-2918","page","type-page","status-publish","hentry"],"acf":[],"yoast_head":"<!-- This site is optimized with the Yoast SEO plugin v27.4 - https:\/\/yoast.com\/product\/yoast-seo-wordpress\/ -->\n<title>Apprenez avec nous - Parc Animalier Introd<\/title>\n<meta name=\"robots\" content=\"index, follow, max-snippet:-1, max-image-preview:large, max-video-preview:-1\" \/>\n<link rel=\"canonical\" href=\"https:\/\/www.parc-animalier-introd.it\/fr\/apprenez-avec-nous\/\" \/>\n<meta property=\"og:locale\" content=\"fr_FR\" \/>\n<meta property=\"og:type\" content=\"article\" \/>\n<meta property=\"og:title\" content=\"Apprenez avec nous - Parc Animalier Introd\" \/>\n<meta property=\"og:description\" content=\"Une exp\u00e9rience \u00e9ducative en contact avec la nature D\u00e8s notre plus jeune \u00e2ge, la nature nous enseigne la valeur du respect et de l\u2019harmonie avec les \u00eatres vivants qui nous entourent. Au Parc Animalier, vous pourrez vivre tout cela en direct : nous vous invitons \u00e0 d\u00e9couvrir la flore et la faune locales \u00e0 travers [&hellip;]\" \/>\n<meta property=\"og:url\" content=\"https:\/\/www.parc-animalier-introd.it\/fr\/apprenez-avec-nous\/\" \/>\n<meta property=\"og:site_name\" content=\"Parc Animalier Introd\" \/>\n<meta property=\"article:modified_time\" content=\"2026-04-16T14:55:29+00:00\" \/>\n<meta name=\"twitter:card\" content=\"summary_large_image\" \/>\n<meta name=\"twitter:label1\" content=\"Dur\u00e9e de lecture estim\u00e9e\" \/>\n\t<meta name=\"twitter:data1\" content=\"1 minute\" \/>\n<script type=\"application\/ld+json\" class=\"yoast-schema-graph\">{\"@context\":\"https:\\\/\\\/schema.org\",\"@graph\":[{\"@type\":\"WebPage\",\"@id\":\"https:\\\/\\\/www.parc-animalier-introd.it\\\/fr\\\/apprenez-avec-nous\\\/\",\"url\":\"https:\\\/\\\/www.parc-animalier-introd.it\\\/fr\\\/apprenez-avec-nous\\\/\",\"name\":\"Apprenez avec nous - Parc Animalier Introd\",\"isPartOf\":{\"@id\":\"https:\\\/\\\/www.parc-animalier-introd.it\\\/fr\\\/#website\"},\"datePublished\":\"2025-12-06T09:34:24+00:00\",\"dateModified\":\"2026-04-16T14:55:29+00:00\",\"breadcrumb\":{\"@id\":\"https:\\\/\\\/www.parc-animalier-introd.it\\\/fr\\\/apprenez-avec-nous\\\/#breadcrumb\"},\"inLanguage\":\"fr-FR\",\"potentialAction\":[{\"@type\":\"ReadAction\",\"target\":[\"https:\\\/\\\/www.parc-animalier-introd.it\\\/fr\\\/apprenez-avec-nous\\\/\"]}]},{\"@type\":\"BreadcrumbList\",\"@id\":\"https:\\\/\\\/www.parc-animalier-introd.it\\\/fr\\\/apprenez-avec-nous\\\/#breadcrumb\",\"itemListElement\":[{\"@type\":\"ListItem\",\"position\":1,\"name\":\"Home\",\"item\":\"https:\\\/\\\/www.parc-animalier-introd.it\\\/fr\\\/home\\\/\"},{\"@type\":\"ListItem\",\"position\":2,\"name\":\"Apprenez avec nous\"}]},{\"@type\":\"WebSite\",\"@id\":\"https:\\\/\\\/www.parc-animalier-introd.it\\\/fr\\\/#website\",\"url\":\"https:\\\/\\\/www.parc-animalier-introd.it\\\/fr\\\/\",\"name\":\"Parc Animalier Introd\",\"description\":\"\",\"potentialAction\":[{\"@type\":\"SearchAction\",\"target\":{\"@type\":\"EntryPoint\",\"urlTemplate\":\"https:\\\/\\\/www.parc-animalier-introd.it\\\/fr\\\/?s={search_term_string}\"},\"query-input\":{\"@type\":\"PropertyValueSpecification\",\"valueRequired\":true,\"valueName\":\"search_term_string\"}}],\"inLanguage\":\"fr-FR\"}]}<\/script>\n<!-- \/ Yoast SEO plugin. -->","yoast_head_json":{"title":"Apprenez avec nous - Parc Animalier Introd","robots":{"index":"index","follow":"follow","max-snippet":"max-snippet:-1","max-image-preview":"max-image-preview:large","max-video-preview":"max-video-preview:-1"},"canonical":"https:\/\/www.parc-animalier-introd.it\/fr\/apprenez-avec-nous\/","og_locale":"fr_FR","og_type":"article","og_title":"Apprenez avec nous - Parc Animalier Introd","og_description":"Une exp\u00e9rience \u00e9ducative en contact avec la nature D\u00e8s notre plus jeune \u00e2ge, la nature nous enseigne la valeur du respect et de l\u2019harmonie avec les \u00eatres vivants qui nous entourent. Au Parc Animalier, vous pourrez vivre tout cela en direct : nous vous invitons \u00e0 d\u00e9couvrir la flore et la faune locales \u00e0 travers [&hellip;]","og_url":"https:\/\/www.parc-animalier-introd.it\/fr\/apprenez-avec-nous\/","og_site_name":"Parc Animalier Introd","article_modified_time":"2026-04-16T14:55:29+00:00","twitter_card":"summary_large_image","twitter_misc":{"Dur\u00e9e de lecture estim\u00e9e":"1 minute"},"schema":{"@context":"https:\/\/schema.org","@graph":[{"@type":"WebPage","@id":"https:\/\/www.parc-animalier-introd.it\/fr\/apprenez-avec-nous\/","url":"https:\/\/www.parc-animalier-introd.it\/fr\/apprenez-avec-nous\/","name":"Apprenez avec nous - Parc Animalier Introd","isPartOf":{"@id":"https:\/\/www.parc-animalier-introd.it\/fr\/#website"},"datePublished":"2025-12-06T09:34:24+00:00","dateModified":"2026-04-16T14:55:29+00:00","breadcrumb":{"@id":"https:\/\/www.parc-animalier-introd.it\/fr\/apprenez-avec-nous\/#breadcrumb"},"inLanguage":"fr-FR","potentialAction":[{"@type":"ReadAction","target":["https:\/\/www.parc-animalier-introd.it\/fr\/apprenez-avec-nous\/"]}]},{"@type":"BreadcrumbList","@id":"https:\/\/www.parc-animalier-introd.it\/fr\/apprenez-avec-nous\/#breadcrumb","itemListElement":[{"@type":"ListItem","position":1,"name":"Home","item":"https:\/\/www.parc-animalier-introd.it\/fr\/home\/"},{"@type":"ListItem","position":2,"name":"Apprenez avec nous"}]},{"@type":"WebSite","@id":"https:\/\/www.parc-animalier-introd.it\/fr\/#website","url":"https:\/\/www.parc-animalier-introd.it\/fr\/","name":"Parc Animalier Introd","description":"","potentialAction":[{"@type":"SearchAction","target":{"@type":"EntryPoint","urlTemplate":"https:\/\/www.parc-animalier-introd.it\/fr\/?s={search_term_string}"},"query-input":{"@type":"PropertyValueSpecification","valueRequired":true,"valueName":"search_term_string"}}],"inLanguage":"fr-FR"}]}},"_links":{"self":[{"href":"https:\/\/www.parc-animalier-introd.it\/fr\/wp-json\/wp\/v2\/pages\/2918","targetHints":{"allow":["GET"]}}],"collection":[{"href":"https:\/\/www.parc-animalier-introd.it\/fr\/wp-json\/wp\/v2\/pages"}],"about":[{"href":"https:\/\/www.parc-animalier-introd.it\/fr\/wp-json\/wp\/v2\/types\/page"}],"author":[{"embeddable":true,"href":"https:\/\/www.parc-animalier-introd.it\/fr\/wp-json\/wp\/v2\/users\/1"}],"replies":[{"embeddable":true,"href":"https:\/\/www.parc-animalier-introd.it\/fr\/wp-json\/wp\/v2\/comments?post=2918"}],"version-history":[{"count":1,"href":"https:\/\/www.parc-animalier-introd.it\/fr\/wp-json\/wp\/v2\/pages\/2918\/revisions"}],"predecessor-version":[{"id":2919,"href":"https:\/\/www.parc-animalier-introd.it\/fr\/wp-json\/wp\/v2\/pages\/2918\/revisions\/2919"}],"wp:attachment":[{"href":"https:\/\/www.parc-animalier-introd.it\/fr\/wp-json\/wp\/v2\/media?parent=2918"}],"curies":[{"name":"wp","href":"https:\/\/api.w.org\/{rel}","templated":true}]}}